{"id":9,"date":"2025-02-06T14:47:58","date_gmt":"2025-02-06T13:47:58","guid":{"rendered":"https:\/\/ubicomp.rddg.pl\/?page_id=9"},"modified":"2025-02-06T15:51:12","modified_gmt":"2025-02-06T14:51:12","slug":"who-we-are","status":"publish","type":"page","link":"https:\/\/ubicomp.rddg.pl\/index.php\/who-we-are\/","title":{"rendered":"Who we are?"},"content":{"rendered":"\n<figure class=\"wp-block-image size-large\"><img loading=\"lazy\" decoding=\"async\" width=\"1024\" height=\"683\" src=\"https:\/\/ubicomp.rddg.pl\/wp-content\/uploads\/2025\/02\/FOTA9503-1024x683.jpg\" alt=\"\" class=\"wp-image-26\" srcset=\"https:\/\/ubicomp.rddg.pl\/wp-content\/uploads\/2025\/02\/FOTA9503-1024x683.jpg 1024w, https:\/\/ubicomp.rddg.pl\/wp-content\/uploads\/2025\/02\/FOTA9503-300x200.jpg 300w, https:\/\/ubicomp.rddg.pl\/wp-content\/uploads\/2025\/02\/FOTA9503-768x512.jpg 768w, https:\/\/ubicomp.rddg.pl\/wp-content\/uploads\/2025\/02\/FOTA9503-1536x1024.jpg 1536w\" sizes=\"auto, (max-width: 1024px) 100vw, 1024px\" \/><\/figure>\n\n\n\n<p class=\"has-medium-font-size\">We are a research group based at the Instutute of Applied Computer Science, in Lodz University of Technology. Our main research field is Human-Computer Interaction. We also run a student engeneering club under the same name. <\/p>\n\n\n\n<p class=\"has-x-large-font-size\">TUTAJ B\u0118D\u0104 SYLWETKI CZ\u0141ONK\u00d3W<\/p>\n\n\n\n<p><\/p>\n","protected":false},"excerpt":{"rendered":"<p>We are a research group based at the Instutute of Applied Computer Science, in Lodz University of Technology. Our main research field is Human-Computer Interaction. We also run a student engeneering club under the same name. TUTAJ B\u0118D\u0104 SYLWETKI CZ\u0141ONK\u00d3W<\/p>\n","protected":false},"author":1,"featured_media":0,"parent":0,"menu_order":0,"comment_status":"closed","ping_status":"closed","template":"","meta":{"footnotes":""},"class_list":["post-9","page","type-page","status-publish","hentry"],"_links":{"self":[{"href":"https:\/\/ubicomp.rddg.pl\/index.php\/wp-json\/wp\/v2\/pages\/9","targetHints":{"allow":["GET"]}}],"collection":[{"href":"https:\/\/ubicomp.rddg.pl\/index.php\/wp-json\/wp\/v2\/pages"}],"about":[{"href":"https:\/\/ubicomp.rddg.pl\/index.php\/wp-json\/wp\/v2\/types\/page"}],"author":[{"embeddable":true,"href":"https:\/\/ubicomp.rddg.pl\/index.php\/wp-json\/wp\/v2\/users\/1"}],"replies":[{"embeddable":true,"href":"https:\/\/ubicomp.rddg.pl\/index.php\/wp-json\/wp\/v2\/comments?post=9"}],"version-history":[{"count":2,"href":"https:\/\/ubicomp.rddg.pl\/index.php\/wp-json\/wp\/v2\/pages\/9\/revisions"}],"predecessor-version":[{"id":28,"href":"https:\/\/ubicomp.rddg.pl\/index.php\/wp-json\/wp\/v2\/pages\/9\/revisions\/28"}],"wp:attachment":[{"href":"https:\/\/ubicomp.rddg.pl\/index.php\/wp-json\/wp\/v2\/media?parent=9"}],"curies":[{"name":"wp","href":"https:\/\/api.w.org\/{rel}","templated":true}]}}